{"id":295,"date":"2026-03-24T18:25:16","date_gmt":"2026-03-24T17:25:16","guid":{"rendered":"https:\/\/ecole-picard-liauthaud.blog.ac-lyon.fr\/wordpress\/?page_id=295"},"modified":"2026-03-24T18:40:15","modified_gmt":"2026-03-24T17:40:15","slug":"notre-ecole","status":"publish","type":"page","link":"https:\/\/ecole-picard-liauthaud.blog.ac-lyon.fr\/wordpress\/notre-ecole\/","title":{"rendered":"Notre \u00e9cole"},"content":{"rendered":"\n<hr class=\"wp-block-separator has-css-opacity\"\/>\n\n\n\n<div class=\"wp-block-columns is-layout-flex wp-container-core-columns-is-layout-9d6595d7 wp-block-columns-is-layout-flex\">\n<div class=\"wp-block-column is-vertically-aligned-top is-layout-flow wp-block-column-is-layout-flow\" style=\"flex-basis:33.33%\">\n<figure class=\"wp-block-gallery has-nested-images columns-default is-cropped wp-block-gallery-1 is-layout-flex wp-block-gallery-is-layout-flex\">\n<figure class=\"wp-block-image size-large\"><img decoding=\"async\" width=\"848\" height=\"848\" data-id=\"1266\" src=\"https:\/\/ecole-picard-liauthaud.blog.ac-lyon.fr\/wordpress\/wp-content\/uploads\/2023\/07\/PHOTO-2021-02-01-12-20-49-edited.jpg\" alt=\"\" class=\"wp-image-1266\" srcset=\"https:\/\/ecole-picard-liauthaud.blog.ac-lyon.fr\/wordpress\/wp-content\/uploads\/2023\/07\/PHOTO-2021-02-01-12-20-49-edited.jpg 848w, https:\/\/ecole-picard-liauthaud.blog.ac-lyon.fr\/wordpress\/wp-content\/uploads\/2023\/07\/PHOTO-2021-02-01-12-20-49-edited-300x300.jpg 300w, https:\/\/ecole-picard-liauthaud.blog.ac-lyon.fr\/wordpress\/wp-content\/uploads\/2023\/07\/PHOTO-2021-02-01-12-20-49-edited-150x150.jpg 150w\" sizes=\"(max-width: 706px) 89vw, (max-width: 767px) 82vw, 740px\" \/><\/figure>\n<\/figure>\n<\/div>\n\n\n\n<div class=\"wp-block-column is-vertically-aligned-center is-layout-flow wp-block-column-is-layout-flow\" style=\"flex-basis:66.66%\">\n<p style=\"text-align: center;\">14 rue Joseph Liauthaud 69700 GIVORS<\/p>\n<p style=\"text-align: center;\">04 72 24 19 07<\/p>\n<p style=\"text-align: center;\"><span style=\"text-decoration: underline;\"><span style=\"color: #0000ff; text-decoration: underline;\">ce.0690791k@ac-lyon.fr<\/span><\/span><\/p>\n\n\n\n<p>Directrice : Mme CLERC<\/p>\n<p>Directeur d&rsquo;Accueil Loisirs et P\u00e9riscolaire : M HAMTINE<\/p>\n<\/div>\n<\/div>\n\n\n\n<hr class=\"wp-block-separator has-alpha-channel-opacity\"\/>\n\n\n\n<div class=\"wp-block-columns is-layout-flex wp-container-core-columns-is-layout-9d6595d7 wp-block-columns-is-layout-flex\">\n<div class=\"wp-block-column is-layout-flow wp-block-column-is-layout-flow\">\n<figure class=\"wp-block-image size-full\"><img decoding=\"async\" width=\"286\" height=\"172\" src=\"https:\/\/ecole-picard-liauthaud.blog.ac-lyon.fr\/wordpress\/wp-content\/uploads\/2026\/03\/USEP-1.png\" alt=\"\" class=\"wp-image-1428\"\/><\/figure>\n<\/div>\n\n\n\n<div class=\"wp-block-column is-layout-flow wp-block-column-is-layout-flow\">\n<figure class=\"wp-block-image size-full\"><img decoding=\"async\" width=\"598\" height=\"387\" src=\"https:\/\/ecole-picard-liauthaud.blog.ac-lyon.fr\/wordpress\/wp-content\/uploads\/2026\/03\/2030.png\" alt=\"\" class=\"wp-image-1424\" srcset=\"https:\/\/ecole-picard-liauthaud.blog.ac-lyon.fr\/wordpress\/wp-content\/uploads\/2026\/03\/2030.png 598w, https:\/\/ecole-picard-liauthaud.blog.ac-lyon.fr\/wordpress\/wp-content\/uploads\/2026\/03\/2030-300x194.png 300w\" sizes=\"(max-width: 598px) 100vw, 598px\" \/><\/figure>\n<\/div>\n\n\n\n<div class=\"wp-block-column is-layout-flow wp-block-column-is-layout-flow\">\n<figure class=\"wp-block-image size-full\"><img decoding=\"async\" width=\"1024\" height=\"508\" src=\"https:\/\/ecole-picard-liauthaud.blog.ac-lyon.fr\/wordpress\/wp-content\/uploads\/2026\/03\/UPE2A.png\" alt=\"\" class=\"wp-image-1429\" srcset=\"https:\/\/ecole-picard-liauthaud.blog.ac-lyon.fr\/wordpress\/wp-content\/uploads\/2026\/03\/UPE2A.png 1024w, https:\/\/ecole-picard-liauthaud.blog.ac-lyon.fr\/wordpress\/wp-content\/uploads\/2026\/03\/UPE2A-300x149.png 300w\" sizes=\"(max-width: 706px) 89vw, (max-width: 767px) 82vw, 740px\" \/><\/figure>\n<\/div>\n<\/div>\n\n\n\n<hr class=\"wp-block-separator has-css-opacity\"\/>\n\n\n\n<h2 class=\"wp-block-heading\" id=\"horaires-de-l-ecole\"><strong>Horaires de l&rsquo;\u00e9cole :<\/strong><\/h2>\n\n\n\n<p class=\"has-text-align-center\">lundi &#8211; mardi &#8211; jeudi &#8211; vendredi<\/p>\n\n\n\n<p class=\"has-text-align-center\">8h30 &#8211; 12h<\/p>\n\n\n\n<p class=\"has-text-align-center\">et<\/p>\n\n\n\n<p class=\"has-text-align-center\">14h &#8211; 16h30<\/p>\n\n\n\n<hr class=\"wp-block-separator has-css-opacity\"\/>\n\n\n\n<h2 class=\"wp-block-heading\"><strong>Acc\u00e8s :<\/strong><\/h2>\n\n\n<p>Parking rue Yves Farge entre les deux voies ferr\u00e9es<\/p>\n\n\n<hr class=\"wp-block-separator has-alpha-channel-opacity\"\/>\n\n\n\n<h2 class=\"wp-block-heading\"><strong>EMILE :<\/strong><\/h2>\n\n\n\n<p>Enseignement des Mati\u00e8res par Int\u00e9gration des Langues Etrang\u00e8res<\/p>\n\n\n\n<p>Les \u00e9l\u00e8ves pratiquent l&rsquo;anglais au quotidien, font des Arts Visuels en anglais, de l&rsquo;EPS en anglais&#8230;<\/p>\n\n\n\n<hr class=\"wp-block-separator has-alpha-channel-opacity\"\/>\n\n\n\n<h2 class=\"wp-block-heading\" id=\"composition-des-classes\"><strong>Composition des classes :<\/strong><\/h2>\n\n\n\n<ul class=\"wp-block-list\">\n<li>7 classes d\u00e9doubl\u00e9es de CP et CE1 : maximum 13 \u00e9l\u00e8ves par classe ou en co-enseignement<\/li>\n\n\n\n<li>2 classes de CE2<\/li>\n\n\n\n<li>4 classes de CM1\/CM2<\/li>\n<\/ul>\n\n\n\n<hr class=\"wp-block-separator has-css-opacity\"\/>\n\n\n\n<h2 class=\"wp-block-heading\" id=\"rased\"><strong>RASED :<\/strong><\/h2>\n\n\n<p>Mmes BONY \/ BUGNON-MURYS \/ FERRAGNE<\/p>\n\n\n<h2 class=\"wp-block-heading\"><strong>UPE2A :<\/strong><\/h2>\n\n\n\n<p>Mme ETHEVET<\/p>\n\n\n\n<p><\/p>\n","protected":false},"excerpt":{"rendered":"<p>14 rue Joseph Liauthaud 69700 GIVORS 04 72 24 19 07 ce.0690791k@ac-lyon.fr Directrice : Mme CLERC Directeur d&rsquo;Accueil Loisirs et P\u00e9riscolaire : M HAMTINE Horaires de l&rsquo;\u00e9cole : lundi &#8211; &hellip; <\/p>\n<p class=\"link-more\"><a href=\"https:\/\/ecole-picard-liauthaud.blog.ac-lyon.fr\/wordpress\/notre-ecole\/\" class=\"more-link\">Continuer la lecture<span class=\"screen-reader-text\"> de &laquo;&nbsp;Notre \u00e9cole&nbsp;&raquo;<\/span><\/a><\/p>\n","protected":false},"author":6,"featured_media":0,"parent":0,"menu_order":0,"comment_status":"closed","ping_status":"closed","template":"","meta":{"ngg_post_thumbnail":0,"_EventAllDay":false,"_EventTimezone":"","_EventStartDate":"","_EventEndDate":"","_EventStartDateUTC":"","_EventEndDateUTC":"","_EventShowMap":false,"_EventShowMapLink":false,"_EventURL":"","_EventCost":"","_EventCostDescription":"","_EventCurrencySymbol":"","_EventCurrencyCode":"","_EventCurrencyPosition":"","_EventDateTimeSeparator":"","_EventTimeRangeSeparator":"","_EventOrganizerID":[],"_EventVenueID":0,"_OrganizerEmail":"","_OrganizerPhone":"","_OrganizerWebsite":"","_VenueAddress":"","_VenueCity":"","_VenueCountry":"","_VenueProvince":"","_VenueZip":"","_VenuePhone":"","_VenueURL":"","_VenueStateProvince":"","_VenueLat":"","_VenueLng":"","footnotes":""},"class_list":["post-295","page","type-page","status-publish","hentry"],"_links":{"self":[{"href":"https:\/\/ecole-picard-liauthaud.blog.ac-lyon.fr\/wordpress\/wp-json\/wp\/v2\/pages\/295","targetHints":{"allow":["GET"]}}],"collection":[{"href":"https:\/\/ecole-picard-liauthaud.blog.ac-lyon.fr\/wordpress\/wp-json\/wp\/v2\/pages"}],"about":[{"href":"https:\/\/ecole-picard-liauthaud.blog.ac-lyon.fr\/wordpress\/wp-json\/wp\/v2\/types\/page"}],"author":[{"embeddable":true,"href":"https:\/\/ecole-picard-liauthaud.blog.ac-lyon.fr\/wordpress\/wp-json\/wp\/v2\/users\/6"}],"replies":[{"embeddable":true,"href":"https:\/\/ecole-picard-liauthaud.blog.ac-lyon.fr\/wordpress\/wp-json\/wp\/v2\/comments?post=295"}],"version-history":[{"count":25,"href":"https:\/\/ecole-picard-liauthaud.blog.ac-lyon.fr\/wordpress\/wp-json\/wp\/v2\/pages\/295\/revisions"}],"predecessor-version":[{"id":1439,"href":"https:\/\/ecole-picard-liauthaud.blog.ac-lyon.fr\/wordpress\/wp-json\/wp\/v2\/pages\/295\/revisions\/1439"}],"wp:attachment":[{"href":"https:\/\/ecole-picard-liauthaud.blog.ac-lyon.fr\/wordpress\/wp-json\/wp\/v2\/media?parent=295"}],"curies":[{"name":"wp","href":"https:\/\/api.w.org\/{rel}","templated":true}]}}